{"id":1443,"date":"2026-03-16T13:37:18","date_gmt":"2026-03-16T13:37:18","guid":{"rendered":"https:\/\/blauxell.com\/?page_id=1443"},"modified":"2026-03-16T13:38:34","modified_gmt":"2026-03-16T13:38:34","slug":"politica-de-accesibilidad","status":"publish","type":"page","link":"https:\/\/blauxell.com\/en\/politica-de-accesibilidad\/","title":{"rendered":"Accessibility Policy"},"content":{"rendered":"<p>In\u00a0<strong>BLAUXELL MALLORCA BOATS SL.<\/strong>, we have committed to making our website\u00a0<a href=\"https:\/\/blauxell.com\/en\/\">https:\/\/blauxell.com\/<\/a>\u00a0to be accessible to all users, regardless of their physical, sensory or cognitive abilities, or the technological device used to access the information.<\/p>\n\n\n\n<p>Our goal is to ensure that everyone can navigate our content without encountering access barriers.<\/p>\n\n\n\n<h3 class=\"wp-block-heading\">Commitment to Standards<\/h3>\n\n\n\n<p>This website works to comply with accessibility guidelines.&nbsp;<strong>WCAG 2.1<\/strong>&nbsp;at its level&nbsp;<strong>AA<\/strong>, established by the W3C (World Wide Web Consortium). These guidelines are the global standard for making web content more accessible to people with disabilities.<\/p>\n\n\n\n<h3 class=\"wp-block-heading\">Adaptive Measures<\/h3>\n\n\n\n<p>To make navigation easier, the website includes the following functionalities:<\/p>\n\n\n\n<ul class=\"wp-block-list\">\n<li><strong>Responsive Design<\/strong>\u00a0The website adapts correctly to different screen sizes (mobiles, tablets, and computers).<\/li>\n\n\n\n<li><strong>Semantic Structure<\/strong>\u00a0Using HTML headers and tags for easier reading by screen readers.<\/li>\n\n\n\n<li><strong>Visual Contrast<\/strong>\u00a0We take care of the contrast relationship between the text and the background to improve readability.<\/li>\n\n\n\n<li><strong>Keyboard Navigation<\/strong>\u00a0Optimisation for users who do not use a mouse.<\/li>\n<\/ul>\n\n\n\n<h3 class=\"wp-block-heading\">Legal Information and Ownership<\/h3>\n\n\n\n<p>In compliance with current regulations, the details of the responsible owner of this site are as follows:<\/p>\n\n\n\n<figure class=\"wp-block-table\"><table class=\"has-fixed-layout\"><thead><tr><td><strong>Unconcealed<\/strong><\/td><td><strong>Detail<\/strong><\/td><\/tr><\/thead><tbody><tr><td><strong>Headline<\/strong><\/td><td>BLAUXELL MALLORCA BOATS SL.<\/td><\/tr><tr><td><strong>NIF<\/strong><\/td><td>B16634792<\/td><\/tr><tr><td><strong>Registered office<\/strong><\/td><td>C\/ Josep Orlandis i Meli\u00e0 2, staircase A \u2013 1B, Balearics \u2013 Spain.<\/td><\/tr><tr><td><strong>Registration Details<\/strong><\/td><td>Registered in the Commercial Registry of Palma de Mallorca, volume 2819, book 232, section 6177, sheet 133, entry PM-87008, registration 1.<\/td><\/tr><\/tbody><\/table><\/figure>\n\n\n\n<h3 class=\"wp-block-heading\">Continuous Improvement and Contact<\/h3>\n\n\n\n<p>We are aware that accessibility is a continuous improvement process. If you encounter difficulties accessing any part of our online store or have any suggestions for improvement, we invite you to contact us. We will review your query as soon as possible to offer you a solution or the content in an alternative format.<\/p>","protected":false},"excerpt":{"rendered":"<p>En\u00a0BLAUXELL MALLORCA BOATS SL., nos hemos comprometido a hacer que nuestro sitio web\u00a0https:\/\/blauxell.com\/\u00a0sea accesible para todos los usuarios, independientemente de sus capacidades f\u00edsicas, sensoriales o cognitivas, o del dispositivo tecnol\u00f3gico utilizado para acceder a la informaci\u00f3n. Nuestra meta es garantizar que cualquier persona pueda navegar por nuestros contenidos sin encontrar barreras de acceso. Compromiso con [&hellip;]<\/p>\n","protected":false},"author":1,"featured_media":0,"parent":0,"menu_order":0,"comment_status":"closed","ping_status":"closed","template":"","meta":{"footnotes":""},"class_list":["post-1443","page","type-page","status-publish","hentry"],"_links":{"self":[{"href":"https:\/\/blauxell.com\/en\/wp-json\/wp\/v2\/pages\/1443","targetHints":{"allow":["GET"]}}],"collection":[{"href":"https:\/\/blauxell.com\/en\/wp-json\/wp\/v2\/pages"}],"about":[{"href":"https:\/\/blauxell.com\/en\/wp-json\/wp\/v2\/types\/page"}],"author":[{"embeddable":true,"href":"https:\/\/blauxell.com\/en\/wp-json\/wp\/v2\/users\/1"}],"replies":[{"embeddable":true,"href":"https:\/\/blauxell.com\/en\/wp-json\/wp\/v2\/comments?post=1443"}],"version-history":[{"count":1,"href":"https:\/\/blauxell.com\/en\/wp-json\/wp\/v2\/pages\/1443\/revisions"}],"predecessor-version":[{"id":1445,"href":"https:\/\/blauxell.com\/en\/wp-json\/wp\/v2\/pages\/1443\/revisions\/1445"}],"wp:attachment":[{"href":"https:\/\/blauxell.com\/en\/wp-json\/wp\/v2\/media?parent=1443"}],"curies":[{"name":"wp","href":"https:\/\/api.w.org\/{rel}","templated":true}]}}