{"id":26,"date":"2025-01-20T10:57:08","date_gmt":"2025-01-20T10:57:08","guid":{"rendered":"https:\/\/blauxell.com\/?page_id=26"},"modified":"2026-02-27T22:10:07","modified_gmt":"2026-02-27T22:10:07","slug":"politica-de-cookies","status":"publish","type":"page","link":"https:\/\/blauxell.com\/ca\/politica-de-cookies\/","title":{"rendered":"Pol\u00edtica de Galetes"},"content":{"rendered":"<p>En compliment amb l'article 22 de la Llei 34\/2002, de 11 de juliol, de serveis de la societat de la informaci\u00f3 i de comer\u00e7 electr\u00f2nic (LSSI), en relaci\u00f3 amb el Reglament (UE) 2016\/679 del Parlament Europeu i del Consell, de 27 d'abril de 2016, General de Protecci\u00f3 de Dades (RGPD) i la Llei Org\u00e0nica 3\/2018, de 5 de desembre, de Protecci\u00f3 de Dades i garantia dels drets digitals (LOPDGDD), el Titular posa a disposici\u00f3 dels usuaris la Pol\u00edtica de recollida i tractament de cookies del lloc Web.<\/p>\n\n\n\n<h2 class=\"wp-block-heading\">Qu\u00e8 s\u00f3n les Cookies<\/h2>\n\n\n\n<p>Una galeta \u00e9s un fitxer que es descarrega al seu ordinador en entrar a determinades p\u00e0gines web. Les galetes permeten a una p\u00e0gina web, entre altres coses, emmagatzemar i recuperar informaci\u00f3 sobre els seus h\u00e0bits de navegaci\u00f3 i, depenent de la informaci\u00f3 que continguin i de la forma en qu\u00e8 utilitzi el seu equip, es poden utilitzar per identificar-lo.<\/p>\n\n\n\n<h2 class=\"wp-block-heading\">Galetes utilitzades al lloc web<\/h2>\n\n\n\n<p>A continuaci\u00f3 es classifiquen les galetes utilitzades pel lloc web&nbsp;<a href=\"https:\/\/blauxell.com\/es\/alegal\/\">https:\/\/blauxell.com\/<\/a>:<\/p>\n\n\n\n<p><strong>Segons l'entitat que les gestiona<\/strong><\/p>\n\n\n\n<ul class=\"wp-block-list\">\n<li>Galetes pr\u00f2pies: s\u00f3n aquelles enviades i gestionades directament pel Titol\u00e0.<\/li>\n\n\n\n<li>Galetes de tercers: S\u00f3n aquelles que s'envien a l'usuari des d'un domini ali\u00e8 al Titular.<\/li>\n<\/ul>\n\n\n\n<p><strong>Segons la seva finalitat<\/strong><\/p>\n\n\n\n<ul class=\"wp-block-list\">\n<li>Cookies t\u00e8cniques: S\u00f3n aquelles que permeten als usuaris registrats navegar a trav\u00e9s del lloc web, de l'\u00e0rea restringida i utilitzar les seves diferents funcions, com ara el sistema de comentaris o el cercador, o dur a terme el proc\u00e9s de compra d'un Producte o Servei.<\/li>\n\n\n\n<li>Galetes de personalitzaci\u00f3: S\u00f3n aquelles que permeten als usuaris accedir al Servei amb algunes caracter\u00edstiques de car\u00e0cter general predefinides en funci\u00f3 d'una s\u00e8rie de criteris establerts per l'Usuari com, per exemple, l'idioma o el tipus de navegador a trav\u00e9s del qual es connecta a aquest lloc web.<\/li>\n\n\n\n<li>Galetes d'an\u00e0lisi o mesurament: S\u00f3n aquelles que, ben tractades pel lloc web o per tercers, permeten quantificar el nombre d'usuaris i aix\u00ed realitzar el mesurament i an\u00e0lisi estad\u00edstic de la utilitzaci\u00f3 que fan els usuaris del lloc web. Per a aix\u00f2 s'analitza la navegaci\u00f3 que realitzes en aquest lloc web amb la finalitat de millorar-lo.<\/li>\n\n\n\n<li>Galetes socials: les estableixen les plataformes de xarxes socials per permetre als usuaris compartir contingut amb els seus amics i xarxes.<\/li>\n<\/ul>\n\n\n\n<p><strong>Segons la seva durada<\/strong><\/p>\n\n\n\n<ul class=\"wp-block-list\">\n<li>Galetes de sessi\u00f3: S\u00f3n aquelles dissenyades per recopilar i emmagatzemar dades mentre l'Usuari accedeix al lloc web.<\/li>\n\n\n\n<li>Galetes persistents: S\u00f3n aquelles en qu\u00e8 les dades segueixen emmagatzemades al terminal de l'Usuari i poden ser accedides i tractades durant un per\u00edode definit pel responsable de la galeta.<\/li>\n<\/ul>\n\n\n\n<h2 class=\"wp-block-heading\">Llistat de galetes utilitzades<\/h2>\n\n\n\n<p>Aquest lloc web pot instal\u00b7lar les seg\u00fcents cookies:<\/p>\n\n\n\n<p><strong>Cookies t\u00e8cniques<\/strong><\/p>\n\n\n\n<ul class=\"wp-block-list\">\n<li><strong>wp-settings-{user_id}:<\/strong>\u00a0Galeta t\u00e8cnica que s'utilitza per mantenir la configuraci\u00f3 de l'usuari a l'escriptori de WordPress (\/wp-admin). \u00c9s persistent i t\u00e9 una durada d'1 any.<\/li>\n\n\n\n<li><strong>haConsentit:<\/strong>\u00a0Galeta t\u00e8cnica que emmagatzema el consentiment de l'Usuari. \u00c9s persistent i t\u00e9 una durada d'1 any.<\/li>\n<\/ul>\n\n\n\n<p><strong>Galetes d'an\u00e0lisi o mesurament<\/strong><\/p>\n\n\n\n<ul class=\"wp-block-list\">\n<li><strong>_ga:<\/strong>\u00a0Galeta anal\u00edtica que habilita la funci\u00f3 de control de visites \u00faniques. \u00c9s persistent i t\u00e9 una durada de 2 anys.<\/li>\n\n\n\n<li><strong>_gat:<\/strong>\u00a0Galeta anal\u00edtica per limitar el nombre de sol\u00b7licituds. El seu \u00e0mbit \u00e9s la sessi\u00f3 i t\u00e9 una durada d'1 minut.<\/li>\n\n\n\n<li><strong>_gid:<\/strong>\u00a0Galeta anal\u00edtica per distingir usuaris. El seu \u00e0mbit \u00e9s la sessi\u00f3 i t\u00e9 una durada de 24 hores.<\/li>\n<\/ul>\n\n\n\n<p>Informaci\u00f3 addicional:<\/p>\n\n\n\n<ul class=\"wp-block-list\">\n<li>Google Analytics pot instal\u00b7lar altres galetes segons el document Utilitzaci\u00f3 de les galetes de Google Analytics en llocs web, que podeu consultar.\u00a0<a href=\"https:\/\/developers.google.com\/analytics\/devguides\/collection\/analyticsjs\/cookie-usage?hl=es\" target=\"_blank\" rel=\"noreferrer noopener\">en aquest enlla\u00e7<\/a>.<\/li>\n<\/ul>\n\n\n\n<p><strong>Galetes socials<\/strong><\/p>\n\n\n\n<ul class=\"wp-block-list\">\n<li>L'Lloc web inclou altres funcionalitats proporcionades per serveis de tercers i xarxes socials per millorar l'experi\u00e8ncia dels visitants. Podeu compartir el contingut a les vostres xarxes socials com Facebook, Twitter, Instagram, Vimeo o YouTube amb els botons inclosos a aquest efecte o amb les eines per compartir pr\u00f2pies de les xarxes socials. Com a resultat, aquests serveis poden instal\u00b7lar cookies i utilitzar-les per rastrejar la vostra activitat en l\u00ednia. El Titol no t\u00e9 control directe sobre la informaci\u00f3 recopilada per aquestes cookies.<\/li>\n<\/ul>\n\n\n\n<h2 class=\"wp-block-heading\">Acceptaci\u00f3 o rebuig de la instal\u00b7laci\u00f3 de galetes<\/h2>\n\n\n\n<p>El Titular mostra informaci\u00f3 sobre la seva Pol\u00edtica de galetes al men\u00fa del peu de p\u00e0gina i al b\u00e0ner de galetes accessible a totes les p\u00e0gines del Lloc Web. El b\u00e0ner de galetes mostra informaci\u00f3 essencial sobre el tractament de dades i permet a l'Usuari realitzar les seg\u00fcents accions:<\/p>\n\n\n\n<ul class=\"wp-block-list\">\n<li>Acceptar o rebutjar la instal\u00b7laci\u00f3 de cookies, o retirar el consentiment pr\u00e8viament atorgat.<\/li>\n\n\n\n<li>Obtenir informaci\u00f3 addicional a la p\u00e0gina de\u00a0<a href=\"https:\/\/alegal\/#cookies\">Pol\u00edtica de Galetes<\/a>.<\/li>\n<\/ul>\n\n\n\n<h2 class=\"wp-block-heading\">Eliminaci\u00f3 de cookies<\/h2>\n\n\n\n<p>Pots acceptar, bloquejar o eliminar les galetes instal\u00b7lades al teu equip mitjan\u00e7ant la configuraci\u00f3 de les opcions del navegador, per\u00f2 tingues en compte que part del lloc no funcionar\u00e0 correctament o que algunes de les seves funcionalitats no estaran disponibles o tindran errors.<\/p>\n\n\n\n<p>En els enlla\u00e7os seg\u00fcents trobar\u00e0 instruccions per habilitar o deshabilitar les cookies en els navegadors m\u00e9s comuns.<\/p>\n\n\n\n<ul class=\"wp-block-list\">\n<li><a href=\"http:\/\/support.mozilla.org\/es\/kb\/habilitar-y-deshabilitar-cookies-que-los-sitios-we\" target=\"_blank\" rel=\"noreferrer noopener\">Firefox<\/a><\/li>\n\n\n\n<li><a href=\"https:\/\/support.google.com\/chrome\/answer\/95647?hl=es\" target=\"_blank\" rel=\"noreferrer noopener\">Google Chrome<\/a><\/li>\n\n\n\n<li><a href=\"https:\/\/support.microsoft.com\/es-es\/help\/17442\/windows-internet-explorer-delete-manage-cookies#ie=%22ie-10\" target=\"_blank\" rel=\"noreferrer noopener\">Internet Explorer<\/a><\/li>\n\n\n\n<li><a href=\"https:\/\/support.microsoft.com\/es-es\/help\/4468242\/microsoft-edge-browsing-data-and-privacy\" target=\"_blank\" rel=\"noreferrer noopener\">Microsoft Edge<\/a><\/li>\n\n\n\n<li><a href=\"http:\/\/support.apple.com\/kb\/HT1677?viewlocale=es_ES\" target=\"_blank\" rel=\"noreferrer noopener\">Safari<\/a><\/li>\n<\/ul>\n\n\n\n<h2 class=\"wp-block-heading\">Tractament de Dades Personals<\/h2>\n\n\n\n<p>El Titol \u00e9s el Responsable del tractament de les dades personals de l'usuari. Podeu consultar tota la informaci\u00f3 relativa al tractament de dades personals que recull el Titol a la p\u00e0gina de la&nbsp;<a href=\"https:\/\/blauxell.com\/es\/alegal\/#privacidad\">Pol\u00edtica de Privacitat<\/a>.<\/p>\n\n\n\n<h2 class=\"wp-block-heading\">Contacte<\/h2>\n\n\n\n<p>En cas que tingues qualsevol dubte sobre aquesta Pol\u00edtica de Galetes o vulguis fer qualsevol comentari sobre aquest Lloc Web, pots enviar un missatge a l'adre\u00e7a de correu electr\u00f2nic: contact@blauxell.com<\/p>","protected":false},"excerpt":{"rendered":"<p>En cumplimiento con el art\u00edculo 22 de la Ley 34\/2002, de 11 de julio, de servicios de la sociedad de la informaci\u00f3n y de comercio electr\u00f3nico (LSSI), en relaci\u00f3n con el Reglamento (UE) 2016\/679 del Parlamento Europeo y del Consejo, de 27 de abril de 2016, General de Protecci\u00f3n de Datos (RGPD) y la Ley [&hellip;]<\/p>\n","protected":false},"author":1,"featured_media":0,"parent":0,"menu_order":0,"comment_status":"closed","ping_status":"closed","template":"","meta":{"footnotes":""},"class_list":["post-26","page","type-page","status-publish","hentry"],"_links":{"self":[{"href":"https:\/\/blauxell.com\/ca\/wp-json\/wp\/v2\/pages\/26","targetHints":{"allow":["GET"]}}],"collection":[{"href":"https:\/\/blauxell.com\/ca\/wp-json\/wp\/v2\/pages"}],"about":[{"href":"https:\/\/blauxell.com\/ca\/wp-json\/wp\/v2\/types\/page"}],"author":[{"embeddable":true,"href":"https:\/\/blauxell.com\/ca\/wp-json\/wp\/v2\/users\/1"}],"replies":[{"embeddable":true,"href":"https:\/\/blauxell.com\/ca\/wp-json\/wp\/v2\/comments?post=26"}],"version-history":[{"count":3,"href":"https:\/\/blauxell.com\/ca\/wp-json\/wp\/v2\/pages\/26\/revisions"}],"predecessor-version":[{"id":625,"href":"https:\/\/blauxell.com\/ca\/wp-json\/wp\/v2\/pages\/26\/revisions\/625"}],"wp:attachment":[{"href":"https:\/\/blauxell.com\/ca\/wp-json\/wp\/v2\/media?parent=26"}],"curies":[{"name":"wp","href":"https:\/\/api.w.org\/{rel}","templated":true}]}}