{"id":24,"date":"2025-01-20T10:56:36","date_gmt":"2025-01-20T10:56:36","guid":{"rendered":"https:\/\/blauxell.com\/?page_id=24"},"modified":"2026-02-27T22:12:21","modified_gmt":"2026-02-27T22:12:21","slug":"politica-de-privacidad","status":"publish","type":"page","link":"https:\/\/blauxell.com\/ca\/politica-de-privacidad\/","title":{"rendered":"Pol\u00edtica de privacitat"},"content":{"rendered":"<p>El Titol informant sobre la seva Pol\u00edtica de Privacitat respecte del tractament i protecci\u00f3 de les dades de car\u00e0cter personal dels usuaris i clients que puguin ser recaptades durant la navegaci\u00f3, en comprar un producte o en contractar un servei a trav\u00e9s del Lloc Web:&nbsp;<a href=\"https:\/\/blauxell.com\/es\/alegal\/\">https:\/\/blauxell.com\/<\/a><\/p>\n\n\n\n<p>En aquest sentit, el Titular garanteix el compliment de la normativa vigent en mat\u00e8ria de protecci\u00f3 de dades personals, reflectida a la Llei Org\u00e0nica 3\/2018, de 5 de desembre, de Protecci\u00f3 de Dades Personals i Garantia de Drets Digitals (LOPD GDD). Compleix tamb\u00e9 amb el Reglament (UE) 2016\/679 del Parlament Europeu i del Consell de 27 d'abril de 2016 relatiu a la protecci\u00f3 de les persones f\u00edsiques (RGPD).<\/p>\n\n\n\n<p>L'\u00fas del lloc web implica l'acceptaci\u00f3 d'aquesta Pol\u00edtica de Privacitat aix\u00ed com les condicions incloses a El &nbsp;<a href=\"https:\/\/alegal\/\">Av\u00eds Legal<\/a>.<\/p>\n\n\n\n<h2 class=\"wp-block-heading\">Identitat del Responsable<\/h2>\n\n\n\n<ul class=\"wp-block-list\">\n<li><strong>Responsable<\/strong>\u00a0 BLAUXELL MALLORCA BOATS SL.<\/li>\n\n\n\n<li><strong>NIF:<\/strong>\u00a0B16634792<br>Inscrita al Registre Mercantil de Palma de Mallorca, tom 2819, llibre 232, secci\u00f3 6177, foli 133, full PM-87008, inscripci\u00f3 1.<\/li>\n\n\n\n<li><strong>Domicili:<\/strong>\u00a0 C\/ Josep Orlandis i Meli\u00e0 2 escala A \u2013 1B, Balears \u2013 Espanya.<\/li>\n\n\n\n<li><strong>Correu electr\u00f2nic<\/strong>\u00a0 contact@blauxell.com<\/li>\n\n\n\n<li><strong>Tel\u00e8fon de contacte:<\/strong>\u00a0 +34 689 686 260<\/li>\n\n\n\n<li><strong>Lloc web<\/strong>\u00a0\u00a0<a href=\"https:\/\/blauxell.com\/es\/alegal\/\">https:\/\/blauxell.com\/<\/a><\/li>\n<\/ul>\n\n\n\n<h2 class=\"wp-block-heading\">Principis aplicats en el tractament de dades<\/h2>\n\n\n\n<p>En el tractament de les seves dades personals, el Titular aplicar\u00e0 els seg\u00fcents principis que s'ajusten a les exig\u00e8ncies del nou reglament europeu de protecci\u00f3 de dades (RGPD):<\/p>\n\n\n\n<ul class=\"wp-block-list\">\n<li>Principi de licitud, lleialtat i transpar\u00e8ncia: El Delegat sempre requerir\u00e0 el consentiment per al tractament de les dades personals que pot ser per a un o diversos fins espec\u00edfics sobre els quals el Delegat informar\u00e0 l'Usuari pr\u00e8viament amb absoluta transpar\u00e8ncia.<\/li>\n\n\n\n<li>Principi de minimitzaci\u00f3 de dades: El Titular sol\u00b7licitar\u00e0 nom\u00e9s les dades estrictament necess\u00e0ries per a la finalitat o les finalitats que les sol\u00b7licita.<\/li>\n\n\n\n<li>Principi de limitaci\u00f3 del termini de conservaci\u00f3: El Titular mantindr\u00e0 les dades personals recollides durant el temps estrictament necessari per a la finalitat o les finalitats del tractament. El Titular informar\u00e0 l'usuari del termini de conservaci\u00f3 corresponent segons la finalitat.<br>En el cas de subscripcions, el Titular revisar\u00e0 peri\u00f2dicament les llistes i eliminar\u00e0 aquells registres inactius durant un temps considerable.<\/li>\n\n\n\n<li>Principi d'integritat i confidencialitat: Les dades personals recaptades seran tractades de tal manera que la seva seguretat, confidencialitat i integritat estiguin garantides.<br>El T\u00edtular pren les precaucions necess\u00e0ries per evitar l'acc\u00e9s no autoritzat o \u00fas indegut de les dades dels seus usuaris per part de tercers.<\/li>\n<\/ul>\n\n\n\n<h2 class=\"wp-block-heading\">Obtenci\u00f3 de dades personals<\/h2>\n\n\n\n<p>Per navegar pel lloc web no cal que faciliti cap dada personal.<\/p>\n\n\n\n<p>Els casos en qu\u00e8 vost\u00e8 s\u00ed que proporciona les seves dades personals s\u00f3n els seg\u00fcents:<\/p>\n\n\n\n<ul class=\"wp-block-list\">\n<li>Quan contactes a trav\u00e9s dels formularis de contacte o envies un correu electr\u00f2nic.<\/li>\n\n\n\n<li>Quan es compra un producte o es contracta un servei.<\/li>\n<\/ul>\n\n\n\n<h2 class=\"wp-block-heading\">Drets<\/h2>\n\n\n\n<p>El Titol informador de dades personals us informa que sobre les vostres dades personals teniu dret a:<\/p>\n\n\n\n<ul class=\"wp-block-list\">\n<li>Sol\u00b7licitar l'acc\u00e9s a les dades emmagatzemades.<\/li>\n\n\n\n<li>Sol\u00b7licitar una rectificaci\u00f3 o una cancel\u00b7laci\u00f3.<\/li>\n\n\n\n<li>Sol\u00b7licitar la limitaci\u00f3 del seu tractament.<\/li>\n\n\n\n<li>Oposar-se al tractament.<\/li>\n<\/ul>\n\n\n\n<p>No pot exercir el dret a la portabilitat de les dades.<\/p>\n\n\n\n<p>L'exercici d'aquests drets \u00e9s personal i per tant ha de ser exercit directament per l'interessat, sol\u00b7licitant-ho directament al Titular, cosa que significa que qualsevol client, subscriptor o col\u00b7laborador que hagi facilitat les seves dades en algun moment, es pot adre\u00e7ar al Titular i demanar informaci\u00f3 sobre les dades que t\u00e9 emmagatzemades i com les ha obtingut, sol\u00b7licitar la rectificaci\u00f3 de les mateixes, oposar-se al tractament, limitar-ne l'\u00fas o sol\u00b7licitar la cancel\u00b7laci\u00f3 d'aquestes dades als fitxers del Titular.<\/p>\n\n\n\n<p>Per exercir els seus drets ha d'enviar la seva sol\u00b7licitud juntament amb una fotoc\u00f2pia del Document Nacional d'Identitat o equivalent a l'adre\u00e7a de correu electr\u00f2nic: contact@blauxell.com<\/p>\n\n\n\n<p>L'exercici d'aquests drets no inclou cap dada que el Titular estigui obligat a conservar amb finalitats administratives, legals o de seguretat.<\/p>\n\n\n\n<p>T\u00e9 dret a la tutela judicial efectiva i a presentar una reclamaci\u00f3 davant l'autoritat de control, en aquest cas, l'Ag\u00e8ncia Espanyola de Protecci\u00f3 de Dades, si considera que el tractament de dades personals que li concerneixen infringeix el Reglament.<\/p>\n\n\n\n<h2 class=\"wp-block-heading\" id=\"finalidad-del-tratamiento-de-datos-personales\">Finalitat del tractament de dades personals<\/h2>\n\n\n\n<p>Quan us connecteu al Lloc web per enviar un correu electr\u00f2nic al Titular, us subscriviu al seu butllet\u00ed o contracteu un producte o un servei, esteu facilitant informaci\u00f3 de car\u00e0cter personal de la qual el responsable \u00e9s el Titular. Aquesta informaci\u00f3 pot incloure dades de car\u00e0cter personal com ara la vostra adre\u00e7a IP, nom i cognoms, adre\u00e7a f\u00edsica, adre\u00e7a electr\u00f2nica, n\u00famero de tel\u00e8fon i altra informaci\u00f3. En facilitar aquesta informaci\u00f3, doneu el vostre consentiment perqu\u00e8 la vostra informaci\u00f3 sigui recopilada, utilitzada, gestionada i emmagatzemada per \u2014 Bluehost \u2014 nom\u00e9s tal com es descriu a les p\u00e0gines:<\/p>\n\n\n\n<ul class=\"wp-block-list\">\n<li><a href=\"https:\/\/alegal\/\">Av\u00eds Legal<\/a><\/li>\n\n\n\n<li><a href=\"https:\/\/alegal\/#privacidad\">Pol\u00edtica de Privacitat<\/a><\/li>\n<\/ul>\n\n\n\n<p>Les dades personals i la finalitat del tractament per part del Titular \u00e9s diferent segons el sistema de captura d'informaci\u00f3:<\/p>\n\n\n\n<ul class=\"wp-block-list\">\n<li>Formularis de contacte: El Titular sol\u00b7licita dades personals entre les quals hi pot haver: nom i cognoms, adre\u00e7a electr\u00f2nica, n\u00famero de tel\u00e8fon i adre\u00e7a de lloc web amb la finalitat de respondre a les consultes dels Usuaris, oferir informaci\u00f3 i demostracions dels productes i serveis del Titular, inclosos pressupostos.<br>Per exemple, l'Empresa utilitza aquestes dades per donar resposta a missatges, dubtes, queixes, comentaris o preocupacions que puguin tenir els Usuaris relatives a la informaci\u00f3 inclosa al lloc web, als productes i als serveis que es presten a trav\u00e9s del lloc web, al tractament de les dades personals, a q\u00fcestions referents als textos legals inclosos al lloc web, aix\u00ed com a qualsevol altra consulta que l'Usuari pugui tenir i que no estigui subjecta a les condicions del lloc web o a les condicions de contractaci\u00f3.<\/li>\n\n\n\n<li>Formularis de contractaci\u00f3 de productes o serveis: El Titolat sol\u00b7licita dades personals entre les quals poden estar: nom i cognoms, document d'identitat (n\u00famero d'identificaci\u00f3 fiscal, n\u00famero d'identificaci\u00f3 d'estranger, passaport o perm\u00eds de resid\u00e8ncia), adre\u00e7a de correu electr\u00f2nic, adre\u00e7a postal, n\u00famero de tel\u00e8fon i dades de pagament (m\u00e8todes de pagament o dades banc\u00e0ries) amb la finalitat de mantenir una relaci\u00f3 comercial amb l'Usuari, realitzar l'enviament de les comandes, prestar els serveis contractats i per realitzar la facturaci\u00f3 i el cobrament dels productes o serveis contractats.<\/li>\n<\/ul>\n\n\n\n<p>Hi ha altres finalitats per les quals el Titular tracta dades personals:<\/p>\n\n\n\n<ul class=\"wp-block-list\">\n<li>Per garantir el compliment de les condicions recollides a la p\u00e0gina d'Av\u00eds Legal i de la llei aplicable. Aix\u00f2 pot incloure el desenvolupament d'eines i algorismes que ajudin al Lloc Web a garantir la confidencialitat de les dades personals que recull.<\/li>\n\n\n\n<li>Per donar suport i millorar els serveis que ofereix aquest Lloc Web.<\/li>\n\n\n\n<li>Per analitzar la navegaci\u00f3 dels usuaris. El T\u00edtular recull altres dades no identificatives que s'obtenen mitjan\u00e7ant l'\u00fas de cookies que es descarreguen a l'ordinador de l'Usuari quan navega pel lloc web, les caracter\u00edstiques i la finalitat del qual estan detallades a la p\u00e0gina de\u00a0<a href=\"https:\/\/alegal\/#cookies\">Pol\u00edtica de Galetes<\/a>.<\/li>\n\n\n\n<li>Per gestionar les xarxes socials. El Titular t\u00e9 pres\u00e8ncia a les xarxes socials. Si us feu seguidor a les xarxes socials del Titular el tractament de les dades personals es regir\u00e0 per aquest apartat, aix\u00ed com per aquelles condicions d'\u00fas, pol\u00edtiques de privacitat i normatives d'acc\u00e9s que pertanyin a la xarxa social que correspongui en cada cas i que heu acceptat pr\u00e8viament.<br>Podeu consultar les pol\u00edtiques de privacitat de les principals xarxes socials en aquests enlla\u00e7os:<ul><li><a href=\"https:\/\/www.facebook.com\/help\/cookies\" target=\"_blank\" rel=\"noreferrer noopener\">Facebook<\/a><\/li><li><a href=\"https:\/\/twitter.com\/privacy\" target=\"_blank\" rel=\"noreferrer noopener\">Twitter<\/a><\/li><li><a href=\"https:\/\/www.linkedin.com\/legal\/cookie-policy\" target=\"_blank\" rel=\"noreferrer noopener\">LinkedIn<\/a><\/li><li><a href=\"https:\/\/www.youtube.com\/privacy\" target=\"_blank\" rel=\"noreferrer noopener\">YouTube<\/a><\/li><li><a href=\"https:\/\/www.instagram.com\/legal\/privacy\/\" target=\"_blank\" rel=\"noreferrer noopener\">Instagram<\/a><\/li><\/ul>El Titol\u00b7lar tractar\u00e0 les seves dades personals amb la finalitat d'administrar correctament la seva pres\u00e8ncia a la xarxa social, informar-lo de les seves activitats, productes o serveis, aix\u00ed com per a qualsevol altra finalitat que les normatives de les xarxes socials permetin. En cap cas el Titol\u00b7lar utilitzar\u00e0 els perfils de seguidors a xarxes socials per enviar publicitat de manera individual.<\/li>\n<\/ul>\n\n\n\n<h2 class=\"wp-block-heading\">Seguretat de les dades personals<\/h2>\n\n\n\n<p>Per protegir les seves dades personals, el Titular pren totes les precaucions raonables i segueix les millors pr\u00e0ctiques de la ind\u00fastria per evitar la p\u00e8rdua, l'\u00fas indegut, l'acc\u00e9s no autoritzat, la divulgaci\u00f3, l'alteraci\u00f3 o la destrucci\u00f3 de les mateixes.<\/p>\n\n\n\n<p>El lloc web est\u00e0 allotjat a: Bluehost. La seguretat de les dades est\u00e0 garantida, ja que prenen totes les mesures de seguretat necess\u00e0ries per a aix\u00f2. Podeu consultar la seva pol\u00edtica de privacitat per tenir m\u00e9s informaci\u00f3.<\/p>\n\n\n\n<p>El Titular informa a l'Usuari que les seves dades personals no seran cedides a terceres organitzacions, amb la excepci\u00f3 que aquesta cessi\u00f3 de dades estigui emparada en una obligaci\u00f3 legal o quan la prestaci\u00f3 d'un servei impliqui la necessitat d'una relaci\u00f3 contractual amb un encarregat del tractament. En aquest \u00faltim cas, nom\u00e9s es dur\u00e0 a terme la cessi\u00f3 de dades al tercer quan el Titular disposi del consentiment expr\u00e9s de l'Usuari.<\/p>\n\n\n\n<p>No obstant aix\u00f2, en alguns casos es poden realitzar col\u00b7laboracions amb altres professionals, en aquests casos, es requerir\u00e0 el consentiment de l'Usuari informant sobre la identitat del col\u00b7laborador i la finalitat de la col\u00b7laboraci\u00f3. Sempre es realitzar\u00e0 amb els m\u00e9s estrictes est\u00e0ndards de seguretat.<\/p>\n\n\n\n<h2 class=\"wp-block-heading\">Contingut d'altres llocs web<\/h2>\n\n\n\n<p>Les p\u00e0gines d'aquest lloc web poden incloure contingut incrustat (per exemple, v\u00eddeos, imatges, articles, etc.). El contingut incrustat d'altres webs es comporta exactament de la mateixa manera que si haguessis visitat l'altra web.<\/p>\n\n\n\n<p>Aquests llocs web poden recopilar dades sobre vost\u00e8, utilitzar cookies, incrustar un codi de seguiment addicional de tercers i supervisar la seva interacci\u00f3 utilitzant aquest codi.<\/p>\n\n\n\n<h2 class=\"wp-block-heading\">Pol\u00edtica de Galetes<\/h2>\n\n\n\n<p>Perqu\u00e8 aquest lloc web funcioni correctament necessita utilitzar cookies, que \u00e9s informaci\u00f3 que s'emmagatzema al vostre navegador web.<\/p>\n\n\n\n<p>Podeu consultar tota la informaci\u00f3 relativa a la pol\u00edtica de recollida i tractament de les cookies a la p\u00e0gina de&nbsp;<a href=\"https:\/\/alegal\/#cookies\">Pol\u00edtica de Galetes<\/a>.<\/p>\n\n\n\n<h2 class=\"wp-block-heading\">Legitimaci\u00f3 per al tractament de dades<\/h2>\n\n\n\n<p>La base legal per al tractament de les seves dades \u00e9s:<\/p>\n\n\n\n<ul class=\"wp-block-list\">\n<li>El consentiment de l'interessat.<\/li>\n\n\n\n<li>Execuci\u00f3 del contracte o l'aplicaci\u00f3 de mesures precontractuals amb l'interessat, amb la finalitat de proporcionar-li un producte o servei adquirit al Titular.<\/li>\n\n\n\n<li>Per complir les obligacions legals.<\/li>\n<\/ul>\n\n\n\n<h2 class=\"wp-block-heading\">Categories de dades personals<\/h2>\n\n\n\n<p>Les categories de dades personals que tracta el Titular s\u00f3n:<\/p>\n\n\n\n<ul class=\"wp-block-list\">\n<li>Dades identificatives.<\/li>\n\n\n\n<li>No es tracten categories de dades especialment protegides.<\/li>\n<\/ul>\n\n\n\n<h2 class=\"wp-block-heading\">Conservaci\u00f3 de dades personals<\/h2>\n\n\n\n<p>Les dades personals proporcionades al Titular es conservaran fins que en sol\u00b7licitis la supressi\u00f3.<\/p>\n\n\n\n<h2 class=\"wp-block-heading\">Destinataris de dades personals<\/h2>\n\n\n\n<ul class=\"wp-block-list\">\n<li><strong>Google Analytics<\/strong>\u00a0\u00e9s un servei d'anal\u00edtica web prestat per Google, Inc., una companyia de Delaware la seu principal de la qual es troba a 1600 Amphitheatre Parkway, Mountain View (Calif\u00f2rnia), CA 94043, Estats Units (\u00abGoogle\u00bb).<br>Google Analytics utilitza \u00abcookies\u00bb, que s\u00f3n fitxers de text ubicats al teu ordinador, per ajudar al Titular a analitzar l'\u00fas que fan els Usuaris del lloc web. La informaci\u00f3 que genera la cookie sobre l'\u00fas del lloc web (incloent-hi l'adre\u00e7a IP) ser\u00e0 directament transmesa i arxivada per Google als servidors dels Estats Units.<br>M\u00e9s informaci\u00f3 a:\u00a0<a href=\"https:\/\/policies.google.com\/privacy?hl=es-ES\" target=\"_blank\" rel=\"noreferrer noopener\">https:\/\/analytics.google.com<\/a><\/li>\n<\/ul>\n\n\n\n<p>Podeu consultar com Google gestiona la privadesa pel que fa a l'\u00fas de les cookies i altra informaci\u00f3 a la p\u00e0gina de Pol\u00edtica de privadesa de Google:&nbsp;<a target=\"_blank\" href=\"https:\/\/policies.google.com\/privacy?hl=es\" rel=\"noreferrer noopener\">https:\/\/policies.google.com\/privacy?hl=es<\/a><\/p>\n\n\n\n<p>Tamb\u00e9 podeu veure una llista dels tipus de galetes que utilitza Google i els seus col\u00b7laboradors i tota la informaci\u00f3 relativa a l'\u00fas que fan de les galetes publicit\u00e0ries a:<\/p>\n\n\n\n<ul class=\"wp-block-list\">\n<li><a href=\"https:\/\/policies.google.com\/technologies\/types?hl=es\" target=\"_blank\" rel=\"noreferrer noopener\">Tipus de cookies que utilitza Google<\/a><\/li>\n\n\n\n<li><a href=\"https:\/\/policies.google.com\/technologies\/ads?hl=es\" target=\"_blank\" rel=\"noreferrer noopener\">Com utilitza Google les cookies en publicitat<\/a>.<\/li>\n<\/ul>\n\n\n\n<h2 class=\"wp-block-heading\">Navegaci\u00f3 web<\/h2>\n\n\n\n<p>Quan navegueu pel Lloc Web es poden recopilar dades no identificatives, que poden incloure l'adre\u00e7a IP, la geolocalitzaci\u00f3, un registre de com s'utilitzen els serveis i llocs, h\u00e0bits de navegaci\u00f3 i altres dades que no es poden utilitzar per identificar-vos.<\/p>\n\n\n\n<p>El lloc web utilitza els serveis d'an\u00e0lisi de tercers seg\u00fcents:<\/p>\n\n\n\n<ul class=\"wp-block-list\">\n<li>Google Analytics.<\/li>\n<\/ul>\n\n\n\n<p>El Titular utilitza la informaci\u00f3 obtinguda per obtenir dades estad\u00edstiques, analitzar tend\u00e8ncies, administrar el lloc, estudiar patrons de navegaci\u00f3 i per recopilar informaci\u00f3 demogr\u00e0fica.<\/p>\n\n\n\n<p>El Titolare no es fa responsable del tractament de les dades personals que realitzin les p\u00e0gines web a les quals pugui accedir a trav\u00e9s dels diferents enlla\u00e7os que cont\u00e9 el Lloc Web.<\/p>\n\n\n\n<h2 class=\"wp-block-heading\">Exactitud i veracitat de les dades personals<\/h2>\n\n\n\n<p>Vost\u00e8 es compromet a que les dades facilitades al Titular siguin correctes, completes, exactes i vigents, aix\u00ed com a mantenir-les degudament actualitzades.<\/p>\n\n\n\n<p>L'usuari del lloc web \u00e9s l'\u00fanic responsable de la veracitat i correcci\u00f3 de les dades remeses al lloc web, exonerant el titular de qualsevol responsabilitat al respecte.<\/p>\n\n\n\n<h2 class=\"wp-block-heading\">Acceptaci\u00f3 i consentiment<\/h2>\n\n\n\n<p>Com a Usuari del Lloc Web declara haver estat informat de les condicions sobre protecci\u00f3 de dades de car\u00e0cter personal, accepta i consent el tractament de les mateixes per part del Titular de la manera i per a les finalitats indicades en aquesta Pol\u00edtica de Privacitat.<\/p>\n\n\n\n<p>Per contactar amb el Titular, subscriure-us a un butllet\u00ed o fer comentaris en aquest lloc web heu d'acceptar la present Pol\u00edtica de Privacitat.<\/p>\n\n\n\n<h2 class=\"wp-block-heading\">Canvis en la Pol\u00edtica de Privacitat<\/h2>\n\n\n\n<p>El T\u00edtular es reserva el dret de modificar la present Pol\u00edtica de Privacitat per adaptar-la a novetats legislatives o jurisprudencials, aix\u00ed com a pr\u00e0ctiques de la ind\u00fastria.<\/p>\n\n\n\n<p>Aquestes pol\u00edtiques estaran vigents fins que siguin modificades per altres degudament publicades.<\/p>","protected":false},"excerpt":{"rendered":"<p>El Titular le informa sobre su Pol\u00edtica de Privacidad respecto del tratamiento y protecci\u00f3n de los datos de car\u00e1cter personal de los usuarios y clientes que puedan ser recabados durante la navegaci\u00f3n, al comprar un producto o al contratar un servicio a trav\u00e9s del Sitio Web:&nbsp;https:\/\/blauxell.com\/ En este sentido, el Titular garantiza el cumplimiento de [&hellip;]<\/p>\n","protected":false},"author":1,"featured_media":0,"parent":0,"menu_order":0,"comment_status":"closed","ping_status":"closed","template":"","meta":{"footnotes":""},"class_list":["post-24","page","type-page","status-publish","hentry"],"_links":{"self":[{"href":"https:\/\/blauxell.com\/ca\/wp-json\/wp\/v2\/pages\/24","targetHints":{"allow":["GET"]}}],"collection":[{"href":"https:\/\/blauxell.com\/ca\/wp-json\/wp\/v2\/pages"}],"about":[{"href":"https:\/\/blauxell.com\/ca\/wp-json\/wp\/v2\/types\/page"}],"author":[{"embeddable":true,"href":"https:\/\/blauxell.com\/ca\/wp-json\/wp\/v2\/users\/1"}],"replies":[{"embeddable":true,"href":"https:\/\/blauxell.com\/ca\/wp-json\/wp\/v2\/comments?post=24"}],"version-history":[{"count":2,"href":"https:\/\/blauxell.com\/ca\/wp-json\/wp\/v2\/pages\/24\/revisions"}],"predecessor-version":[{"id":626,"href":"https:\/\/blauxell.com\/ca\/wp-json\/wp\/v2\/pages\/24\/revisions\/626"}],"wp:attachment":[{"href":"https:\/\/blauxell.com\/ca\/wp-json\/wp\/v2\/media?parent=24"}],"curies":[{"name":"wp","href":"https:\/\/api.w.org\/{rel}","templated":true}]}}