{"id":1443,"date":"2026-03-16T13:37:18","date_gmt":"2026-03-16T13:37:18","guid":{"rendered":"https:\/\/blauxell.com\/?page_id=1443"},"modified":"2026-03-16T13:38:34","modified_gmt":"2026-03-16T13:38:34","slug":"politica-de-accesibilidad","status":"publish","type":"page","link":"https:\/\/blauxell.com\/ca\/politica-de-accesibilidad\/","title":{"rendered":"Pol\u00edtica d'accessibilitat"},"content":{"rendered":"<p>En\u00a0<strong>BLAUXELL MALLORCA BOATS SL.<\/strong>, ens hem comprom\u00e8s a fer que el nostre lloc web\u00a0<a href=\"https:\/\/blauxell.com\/ca\/\">https:\/\/blauxell.com\/<\/a>\u00a0sigui accessible per a tots els usuaris, independentment de les seves capacitats f\u00edsiques, sensorials o cognitives, o del dispositiu tecnol\u00f2gic utilitzat per accedir a la informaci\u00f3.<\/p>\n\n\n\n<p>El nostre objectiu \u00e9s garantir que qualsevol persona pugui navegar pels nostres continguts sense trobar barreres d'acc\u00e9s.<\/p>\n\n\n\n<h3 class=\"wp-block-heading\">Comprom\u00eds amb els est\u00e0ndards<\/h3>\n\n\n\n<p>Aquest lloc web treballa per complir les directrius d'accessibilitat.&nbsp;<strong>WCAG 2.1<\/strong>&nbsp;al seu nivell&nbsp;<strong>AA<\/strong>, establertes pel W3C (World Wide Web Consortium). Aquestes directrius s\u00f3n l'est\u00e0ndard global per fer que el contingut web sigui m\u00e9s accessible per a persones amb discapacitats.<\/p>\n\n\n\n<h3 class=\"wp-block-heading\">Mesures Adaptatives<\/h3>\n\n\n\n<p>Per facilitar la navegaci\u00f3, el lloc web inclou les funcionalitats seg\u00fcents:<\/p>\n\n\n\n<ul class=\"wp-block-list\">\n<li><strong>Disseny Responsiu:<\/strong>\u00a0La web s'adapta correctament a diferents mides de pantalla (m\u00f2bils, tauletes i ordinadors).<\/li>\n\n\n\n<li><strong>Estructura Sem\u00e0ntica<\/strong>\u00a0\u00das d'encap\u00e7alaments i etiquetes HTML per facilitar la lectura mitjan\u00e7ant lectors de pantalla.<\/li>\n\n\n\n<li><strong>Contrast Visual:<\/strong>\u00a0Cuidem la relaci\u00f3 de contrast entre el text i el fons per millorar la llegibilitat.<\/li>\n\n\n\n<li><strong>Navegaci\u00f3 per Teclat:<\/strong>\u00a0Optimitzaci\u00f3 per a usuaris que no utilitzen el ratol\u00ed.<\/li>\n<\/ul>\n\n\n\n<h3 class=\"wp-block-heading\">Informaci\u00f3 Legal i Titularitat<\/h3>\n\n\n\n<p>En compliment de la normativa vigent, es detallen les dades del titular responsable d'aquest lloc:<\/p>\n\n\n\n<figure class=\"wp-block-table\"><table class=\"has-fixed-layout\"><thead><tr><td><strong>Concepte<\/strong><\/td><td><strong>Detall<\/strong><\/td><\/tr><\/thead><tbody><tr><td><strong>T\u00edtol<\/strong><\/td><td>BLAUXELL MALLORCA BOATS SL.<\/td><\/tr><tr><td><strong>NIF<\/strong><\/td><td>B16634792<\/td><\/tr><tr><td><strong>Domicili Social<\/strong><\/td><td>C\/ Josep Orlandis i Meli\u00e0 2 escala A \u2013 1B, Balears \u2013 Espanya.<\/td><\/tr><tr><td><strong>Dades registrals<\/strong><\/td><td>Inscrita al Registre Mercantil de Palma de Mallorca, tom 2819, llibre 232, secci\u00f3 6177, foli 133, full PM-87008, inscripci\u00f3 1.<\/td><\/tr><\/tbody><\/table><\/figure>\n\n\n\n<h3 class=\"wp-block-heading\">Millora Cont\u00ednua i Contacte<\/h3>\n\n\n\n<p>Som conscients que l'accessibilitat \u00e9s un proc\u00e9s de millora cont\u00ednua. Si trobes dificultats per accedir a algun apartat de la nostra botiga online o tens algun suggeriment per millorar, et convidem a contactar amb nosaltres. Revisarem la teva consulta al m\u00e9s aviat possible per oferir-te una soluci\u00f3 o el contingut en un format alternatiu.<\/p>","protected":false},"excerpt":{"rendered":"<p>En\u00a0BLAUXELL MALLORCA BOATS SL., nos hemos comprometido a hacer que nuestro sitio web\u00a0https:\/\/blauxell.com\/\u00a0sea accesible para todos los usuarios, independientemente de sus capacidades f\u00edsicas, sensoriales o cognitivas, o del dispositivo tecnol\u00f3gico utilizado para acceder a la informaci\u00f3n. Nuestra meta es garantizar que cualquier persona pueda navegar por nuestros contenidos sin encontrar barreras de acceso. Compromiso con [&hellip;]<\/p>\n","protected":false},"author":1,"featured_media":0,"parent":0,"menu_order":0,"comment_status":"closed","ping_status":"closed","template":"","meta":{"footnotes":""},"class_list":["post-1443","page","type-page","status-publish","hentry"],"_links":{"self":[{"href":"https:\/\/blauxell.com\/ca\/wp-json\/wp\/v2\/pages\/1443","targetHints":{"allow":["GET"]}}],"collection":[{"href":"https:\/\/blauxell.com\/ca\/wp-json\/wp\/v2\/pages"}],"about":[{"href":"https:\/\/blauxell.com\/ca\/wp-json\/wp\/v2\/types\/page"}],"author":[{"embeddable":true,"href":"https:\/\/blauxell.com\/ca\/wp-json\/wp\/v2\/users\/1"}],"replies":[{"embeddable":true,"href":"https:\/\/blauxell.com\/ca\/wp-json\/wp\/v2\/comments?post=1443"}],"version-history":[{"count":1,"href":"https:\/\/blauxell.com\/ca\/wp-json\/wp\/v2\/pages\/1443\/revisions"}],"predecessor-version":[{"id":1445,"href":"https:\/\/blauxell.com\/ca\/wp-json\/wp\/v2\/pages\/1443\/revisions\/1445"}],"wp:attachment":[{"href":"https:\/\/blauxell.com\/ca\/wp-json\/wp\/v2\/media?parent=1443"}],"curies":[{"name":"wp","href":"https:\/\/api.w.org\/{rel}","templated":true}]}}